{"id":3489,"date":"2021-02-21T16:14:10","date_gmt":"2021-02-21T13:14:10","guid":{"rendered":"https:\/\/www.temahavuz.com.tr\/?page_id=3489"},"modified":"2021-02-21T16:14:46","modified_gmt":"2021-02-21T13:14:46","slug":"references","status":"publish","type":"page","link":"https:\/\/www.temahavuz.com.tr\/en\/references\/","title":{"rendered":"Referanslar\u0131m\u0131z"},"content":{"rendered":"<div id=\"pl-gb3489-69f37e943d86d\"  class=\"panel-layout\" ><div id=\"pg-gb3489-69f37e943d86d-0\"  class=\"panel-grid panel-no-style\" ><div id=\"pgc-gb3489-69f37e943d86d-0-0\"  class=\"panel-grid-cell\" >\t<!--\n\t=============================================\n\t\tOur Service\n\t==============================================\n\t-->\n\t<div class=\"our-service\">\n\t\t<div class=\"container\">\n\t\t\t<div >\n\t\t\t\t<h2><\/h2>\n\t\t\t\t\t\t\t<\/div> <!-- \/.theme-title -->\n\n\t\t\t\t\t\t\t<div class=\"mixitUp-menu hidden-xs\">\n\t\t\t\t\t\t\t\t\t\t\t<ul>\n\t\t\t\t\t\t\t<li class=\"filter active tran3s\" data-filter=\"all\">All<\/li>\n\t\t\t\t\t\t\t<li class=\"filter tran3s\" data-filter=\".buhar-odasi-projeleri\">Buhar Odas\u0131 Projeleri<\/li><li class=\"filter tran3s\" data-filter=\".havuz-projeleri\">Havuz Projeleri<\/li><li class=\"filter tran3s\" data-filter=\".sauna-projeleri\">Sauna Projeleri<\/li><li class=\"filter tran3s\" data-filter=\".spa-projeleri\">Spa Projeleri<\/li><li class=\"filter tran3s\" data-filter=\".turk-hamami-projeleri\">T\u00fcrk Hamam\u0131 Projeleri<\/li>\t\t\t\t\t\t<\/ul>\n\t\t\t\t\t\t\t\t\t<\/div> <!-- End of .mixitUp-menu -->\n\n\t\t\t\t<div class=\"visible-xs mb20\">\n\t\t\t\t\t\t\t\t\t\t\t<select class=\"form-control\" id=\"mixitUp-select\">\n\t\t\t\t\t\t\t<option value=\"all\">All<\/option>\n\t\t\t\t\t\t\t<option value=\".buhar-odasi-projeleri\">Buhar Odas\u0131 Projeleri<\/option><option value=\".havuz-projeleri\">Havuz Projeleri<\/option><option value=\".sauna-projeleri\">Sauna Projeleri<\/option><option value=\".spa-projeleri\">Spa Projeleri<\/option><option value=\".turk-hamami-projeleri\">T\u00fcrk Hamam\u0131 Projeleri<\/option>\t\t\t\t\t\t<\/select>\n\t\t\t\t\t\t\t\t\t<\/div> <!-- End of .mixitUp-menu -->\n\t\t\t\n\t\t\t<div id=\"mixitUp-item\" class=\"service-slider row\">\n\t\t\t\t\t\t\t\t<div class=\"item col-md-4 mix havuz-projeleri\">\n\t\t\t\t\t<div class=\"single-service\">\n\t\t\t\t\t\t<div class=\"image\"><a href=\"https:\/\/www.temahavuz.com.tr\/en\/referans\/yasam-villalari-tepeoren\/\"><img loading=\"lazy\" decoding=\"async\" width=\"800\" height=\"500\" src=\"https:\/\/www.temahavuz.com.tr\/wp-content\/uploads\/2020\/06\/yasam-villalari-tepeoren-17-800x500.jpg\" class=\"img-responsive wp-post-image\" alt=\"\" srcset=\"https:\/\/www.temahavuz.com.tr\/wp-content\/uploads\/2020\/06\/yasam-villalari-tepeoren-17-800x500.jpg 800w, https:\/\/www.temahavuz.com.tr\/wp-content\/uploads\/2020\/06\/yasam-villalari-tepeoren-17-1600x1000.jpg 1600w\" sizes=\"auto, (max-width: 800px) 100vw, 800px\" \/><\/a><\/div>\n\t\t\t\t\t\t<div class=\"text tran3s\">\n\t\t\t\t\t\t\t<h2><a href=\"https:\/\/www.temahavuz.com.tr\/en\/referans\/yasam-villalari-tepeoren\/\" class=\"tran3s\">Ya\u015fam Villalar\u0131 Tepe\u00f6ren<\/a><\/h2>\n\t\t\t\t\t\t\t\t\t\t\t\t\t\t<a href=\"https:\/\/www.temahavuz.com.tr\/en\/referans\/yasam-villalari-tepeoren\/\" class=\"btn\">See More<\/a>\n\t\t\t\t\t\t<\/div> <!-- \/.text -->\n\t\t\t\t\t<\/div> <!-- \/.single-service -->\n\t\t\t\t<\/div> <!-- \/.item -->\n\t\t\t\t\n\t\t\t\t\t\t\t<\/div> <!-- \/.service-sldier --> <!-- \/.row -->\n\t\t<\/div> <!-- \/.container -->\n\t<\/div> <!-- \/.our-service -->\n\t<\/div><\/div><\/div>","protected":false},"excerpt":{"rendered":"","protected":false},"author":9,"featured_media":2163,"parent":0,"menu_order":0,"comment_status":"closed","ping_status":"closed","template":"","meta":{"_acf_changed":false,"footnotes":""},"class_list":["post-3489","page","type-page","status-publish","has-post-thumbnail","hentry"],"acf":[],"_links":{"self":[{"href":"https:\/\/www.temahavuz.com.tr\/en\/wp-json\/wp\/v2\/pages\/3489","targetHints":{"allow":["GET"]}}],"collection":[{"href":"https:\/\/www.temahavuz.com.tr\/en\/wp-json\/wp\/v2\/pages"}],"about":[{"href":"https:\/\/www.temahavuz.com.tr\/en\/wp-json\/wp\/v2\/types\/page"}],"author":[{"embeddable":true,"href":"https:\/\/www.temahavuz.com.tr\/en\/wp-json\/wp\/v2\/users\/9"}],"replies":[{"embeddable":true,"href":"https:\/\/www.temahavuz.com.tr\/en\/wp-json\/wp\/v2\/comments?post=3489"}],"version-history":[{"count":0,"href":"https:\/\/www.temahavuz.com.tr\/en\/wp-json\/wp\/v2\/pages\/3489\/revisions"}],"wp:featuredmedia":[{"embeddable":true,"href":"https:\/\/www.temahavuz.com.tr\/en\/wp-json\/wp\/v2\/media\/2163"}],"wp:attachment":[{"href":"https:\/\/www.temahavuz.com.tr\/en\/wp-json\/wp\/v2\/media?parent=3489"}],"curies":[{"name":"wp","href":"https:\/\/api.w.org\/{rel}","templated":true}]}}